{"id":3041,"date":"2026-03-08T14:01:46","date_gmt":"2026-03-08T14:01:46","guid":{"rendered":"https:\/\/www.securenergy.de\/aviso-legal\/"},"modified":"2026-03-09T19:46:53","modified_gmt":"2026-03-09T19:46:53","slug":"aviso-legal","status":"publish","type":"page","link":"https:\/\/www.securenergy.de\/es\/aviso-legal\/","title":{"rendered":"Aviso legal"},"content":{"rendered":"[vc_row type=\u00bbfull_width_background\u00bb full_screen_row_position=\u00bbmiddle\u00bb column_margin=\u00bbdefault\u00bb column_direction=\u00bbdefault\u00bb column_direction_tablet=\u00bbdefault\u00bb column_direction_phone=\u00bbdefault\u00bb bg_color=\u00bb#ffffff\u00bb scene_position=\u00bbcenter\u00bb top_padding=\u00bb6%\u00bb bottom_padding=\u00bb6%\u00bb text_color=\u00bbdark\u00bb text_align=\u00bbleft\u00bb row_border_radius=\u00bbcustom\u00bb row_border_radius_applies=\u00bbbg\u00bb bottom_right_border_radius=\u00bb20&#8243; bottom_left_border_radius=\u00bb20&#8243; row_position_desktop=\u00bbdefault\u00bb row_position_tablet=\u00bbinherit\u00bb row_position_phone=\u00bbinherit\u00bb overflow=\u00bbvisible\u00bb overlay_strength=\u00bb0.3&#8243; gradient_direction=\u00bbleft_to_right\u00bb shape_divider_position=\u00bbbottom\u00bb bg_image_animation=\u00bbnone\u00bb shape_type=\u00bb\u00bb gradient_type=\u00bbdefault\u00bb][vc_column column_padding=\u00bbno-extra-padding\u00bb column_padding_tablet=\u00bbinherit\u00bb column_padding_phone=\u00bbinherit\u00bb column_padding_position=\u00bball\u00bb flex_gap_desktop=\u00bb10px\u00bb column_element_direction_desktop=\u00bbdefault\u00bb column_element_spacing=\u00bbdefault\u00bb desktop_text_alignment=\u00bbdefault\u00bb tablet_text_alignment=\u00bbdefault\u00bb phone_text_alignment=\u00bbdefault\u00bb background_color_opacity=\u00bb1&#8243; background_hover_color_opacity=\u00bb1&#8243; column_backdrop_filter=\u00bbnone\u00bb column_shadow=\u00bbnone\u00bb column_border_radius=\u00bbnone\u00bb column_link_target=\u00bb_self\u00bb column_position=\u00bbdefault\u00bb gradient_direction=\u00bbleft_to_right\u00bb overlay_strength=\u00bb0.3&#8243; width=\u00bb1\/1&#8243; tablet_width_inherit=\u00bbdefault\u00bb animation_type=\u00bbdefault\u00bb bg_image_animation=\u00bbnone\u00bb border_type=\u00bbsimple\u00bb column_border_width=\u00bbnone\u00bb column_border_style=\u00bbsolid\u00bb][tabbed_section style=\u00bbvertical_scrolling\u00bb tab_color=\u00bbAccent-Color\u00bb vs_content_animation=\u00bbfade\u00bb vs_link_animation=\u00bbopacity\u00bb vs_navigation_alignment=\u00bbleft\u00bb vs_navigation_width_2=\u00bb25%\u00bb vs_navigation_func=\u00bbdefault\u00bb vs_navigation_width=\u00bbregular\u00bb vs_navigation_spacing=\u00bb45px\u00bb vs_navigation_mobile_display=\u00bbvisible\u00bb vs_tab_spacing=\u00bb40%\u00bb vs_tab_tag=\u00bbh3&#8243; vs_cta_style=\u00bbsee-through\u00bb vs_cta_bg_color=\u00bbdefault\u00bb vs_cta_heading_tag=\u00bbh6&#8243;][tab icon_family=\u00bbnone\u00bb title=\u00bbAviso legal\u00bb id=\u00bb1773085393932-4&#8243; tab_id=\u00bb1773085393932-2&#8243;][vc_row_inner column_margin=\u00bbdefault\u00bb column_direction=\u00bbdefault\u00bb column_direction_tablet=\u00bbdefault\u00bb column_direction_phone=\u00bbdefault\u00bb text_align=\u00bbleft\u00bb row_position=\u00bbdefault\u00bb row_position_tablet=\u00bbinherit\u00bb row_position_phone=\u00bbinherit\u00bb overflow=\u00bbvisible\u00bb pointer_events=\u00bball\u00bb][vc_column_inner column_padding=\u00bbpadding-3-percent\u00bb column_padding_tablet=\u00bbinherit\u00bb column_padding_phone=\u00bbinherit\u00bb column_padding_position=\u00bbtop-bottom\u00bb flex_gap_desktop=\u00bb10px\u00bb column_element_direction_desktop=\u00bbdefault\u00bb column_element_spacing=\u00bbdefault\u00bb desktop_text_alignment=\u00bbdefault\u00bb tablet_text_alignment=\u00bbdefault\u00bb phone_text_alignment=\u00bbdefault\u00bb background_color_opacity=\u00bb1&#8243; background_hover_color_opacity=\u00bb1&#8243; column_backdrop_filter=\u00bbnone\u00bb column_shadow=\u00bbnone\u00bb column_border_radius=\u00bbnone\u00bb column_link_target=\u00bb_self\u00bb overflow=\u00bbvisible\u00bb gradient_direction=\u00bbleft_to_right\u00bb overlay_strength=\u00bb0.3&#8243; width=\u00bb1\/1&#8243; tablet_width_inherit=\u00bbdefault\u00bb animation_type=\u00bbdefault\u00bb enable_animation=\u00bbtrue\u00bb animation=\u00bbfade-in-from-bottom\u00bb animation_easing=\u00bbdefault\u00bb bg_image_animation=\u00bbnone\u00bb border_type=\u00bbsimple\u00bb column_border_width=\u00bbnone\u00bb column_border_style=\u00bbsolid\u00bb][vc_column_text css=\u00bb.vc_custom_1773085536572{padding-right: 10% !important;}\u00bb text_direction=\u00bbdefault\u00bb]<strong>secur<\/strong>energy GmbH<br \/>\nKurf\u00fcrstendamm 40\/41<br \/>\n10719 Berl\u00edn<br \/>\nAlemania<\/p>\n<p>Tel\u00e9fono: +49 (0) 30 868 00 10 70<br \/>\nCorreo electr\u00f3nico: <a href=\"mailto:info@securenergy.de\">info@securenergy.de<\/a><\/p>\n<p>Registro mercantil: Amtsgericht Charlottenburg<br \/>\nN\u00famero de registro: HRB 172682 B<\/p>\n<p>Director general: Casper Rasmussen<\/p>\n<p>N\u00famero de identificaci\u00f3n fiscal: 29\/110\/62873<\/p>\n<p><strong><br \/>\nRESPONSABLE DEL CONTENIDO SEG\u00daN MDStV<\/strong><\/p>\n<p>Casper Rasmussen<br \/>\n<strong>secur<\/strong>energy solutions AG<br \/>\nKurf\u00fcrstendamm 40\/41<br \/>\n10719 Berl\u00edn<br \/>\nAlemania<\/p>\n<p>Tel\u00e9fono: +49 (0) 30 868 00 10 70<br \/>\nCorreo electr\u00f3nico: <a href=\"mailto:info@securenergy.de\">info@securenergy.de<\/a><\/p>\n<p>Registro mercantil: Amtsgericht Charlottenburg<br \/>\nN\u00famero de registro: HRB 209685 B<\/p>\n<p>Junta Directiva autorizada para representar: Holger Sven Stabernack, Karsten Becker<\/p>\n<p>Presidente del Consejo de Supervisi\u00f3n: Werner Ellerkmann<\/p>\n<p>N\u00famero de identificaci\u00f3n a efectos del IVA seg\u00fan el \u00a7 27 a de la Ley del Impuesto sobre el Valor A\u00f1adido: DE330492793<\/p>\n<p><strong><br \/>\nRESPONSABLE DEL CONTENIDO SEG\u00daN MDStV<\/strong><\/p>\n<p>Karsten Becker, Holger Sven Stabernack<\/p>\n<p>Iconos dise\u00f1ados por Vectors Market, Kiranshastry, Chanut is Industries y Freepik de Flaticon.<\/p>\n<p>Retratos de Matthias Gottwald, Goerzallee 299, 14167 Berl\u00edn. | <a title=\"\"der-gottwald\"\" href=\"https:\/\/www.der-gottwald.de\/\" target=\"_blank\" rel=\"noopener\">der-gottwald.de<\/a><\/p>\n<p>Licencias de im\u00e1genes de shutterstock.com<\/p>\n<p>Logotipo: Arben Mahmutaj | <a title=\"\"artlemon\" Dise\u00f1o web, desarrollador de WordPress, dise\u00f1o gr\u00e1fico Berl\u00edn\" href=\"https:\/\/www.artlemon.de\/\" target=\"_blank\" rel=\"noopener\">artlemon.de<\/a><br \/>\nDise\u00f1o web: Lito &amp; Caras GmbH | <a href=\"https:\/\/litocaras.com\">litocaras.com<\/a>[\/vc_column_text][\/vc_column_inner][\/vc_row_inner][\/tab][\/tabbed_section][\/vc_column][\/vc_row]\n","protected":false},"excerpt":{"rendered":"<p>[vc_row type=\u00bbfull_width_background\u00bb full_screen_row_position=\u00bbmiddle\u00bb column_margin=\u00bbdefault\u00bb column_direction=\u00bbdefault\u00bb column_direction_tablet=\u00bbdefault\u00bb column_direction_phone=\u00bbdefault\u00bb bg_color=\u00bb#ffffff\u00bb scene_position=\u00bbcenter\u00bb top_padding=\u00bb6%\u00bb bottom_padding=\u00bb6%\u00bb text_color=\u00bbdark\u00bb text_align=\u00bbleft\u00bb row_border_radius=\u00bbcustom\u00bb row_border_radius_applies=\u00bbbg\u00bb bottom_right_border_radius=\u00bb20&#8243; bottom_left_border_radius=\u00bb20&#8243; row_position_desktop=\u00bbdefault\u00bb row_position_tablet=\u00bbinherit\u00bb row_position_phone=\u00bbinherit\u00bb overflow=\u00bbvisible\u00bb overlay_strength=\u00bb0.3&#8243; gradient_direction=\u00bbleft_to_right\u00bb shape_divider_position=\u00bbbottom\u00bb bg_image_animation=\u00bbnone\u00bb shape_type=\u00bb\u00bb gradient_type=\u00bbdefault\u00bb][vc_column column_padding=\u00bbno-extra-padding\u00bb column_padding_tablet=\u00bbinherit\u00bb column_padding_phone=\u00bbinherit\u00bb&#8230;<\/p>\n","protected":false},"author":2,"featured_media":0,"parent":0,"menu_order":0,"comment_status":"closed","ping_status":"open","template":"","meta":{"inline_featured_image":false,"footnotes":""},"class_list":["post-3041","page","type-page","status-publish"],"yoast_head":"<!-- This site is optimized with the Yoast SEO plugin v27.1.1 - https:\/\/yoast.com\/product\/yoast-seo-wordpress\/ -->\n<title>Aviso Legal \u2013 Informaci\u00f3n de la Empresa | securenergy<\/title>\n<meta name=\"description\" content=\"Aviso legal de securenergy solutions AG. Informaci\u00f3n obligatoria seg\u00fan la legislaci\u00f3n alemana, registro mercantil y datos de contacto.\" \/>\n<meta name=\"robots\" content=\"index, follow, max-snippet:-1, max-image-preview:large, max-video-preview:-1\" \/>\n<link rel=\"canonical\" href=\"https:\/\/www.securenergy.de\/es\/aviso-legal\/\" \/>\n<meta property=\"og:locale\" content=\"es_ES\" \/>\n<meta property=\"og:type\" content=\"article\" \/>\n<meta property=\"og:title\" content=\"Aviso Legal \u2013 Informaci\u00f3n de la Empresa | securenergy\" \/>\n<meta property=\"og:description\" content=\"Aviso legal de securenergy solutions AG. Informaci\u00f3n obligatoria seg\u00fan la legislaci\u00f3n alemana, registro mercantil y datos de contacto.\" \/>\n<meta property=\"og:url\" content=\"https:\/\/www.securenergy.de\/es\/aviso-legal\/\" \/>\n<meta property=\"og:site_name\" content=\"securenergy\" \/>\n<meta property=\"article:modified_time\" content=\"2026-03-09T19:46:53+00:00\" \/>\n<meta name=\"twitter:card\" content=\"summary_large_image\" \/>\n<meta name=\"twitter:label1\" content=\"Tiempo de lectura\" \/>\n\t<meta name=\"twitter:data1\" content=\"3 minutos\" \/>\n<script type=\"application\/ld+json\" class=\"yoast-schema-graph\">{\"@context\":\"https:\/\/schema.org\",\"@graph\":[{\"@type\":\"WebPage\",\"@id\":\"https:\/\/www.securenergy.de\/es\/aviso-legal\/\",\"url\":\"https:\/\/www.securenergy.de\/es\/aviso-legal\/\",\"name\":\"Aviso Legal \u2013 Informaci\u00f3n de la Empresa | securenergy\",\"isPartOf\":{\"@id\":\"https:\/\/www.securenergy.de\/es\/#website\"},\"datePublished\":\"2026-03-08T14:01:46+00:00\",\"dateModified\":\"2026-03-09T19:46:53+00:00\",\"description\":\"Aviso legal de securenergy solutions AG. Informaci\u00f3n obligatoria seg\u00fan la legislaci\u00f3n alemana, registro mercantil y datos de contacto.\",\"breadcrumb\":{\"@id\":\"https:\/\/www.securenergy.de\/es\/aviso-legal\/#breadcrumb\"},\"inLanguage\":\"es\",\"potentialAction\":[{\"@type\":\"ReadAction\",\"target\":[\"https:\/\/www.securenergy.de\/es\/aviso-legal\/\"]}]},{\"@type\":\"BreadcrumbList\",\"@id\":\"https:\/\/www.securenergy.de\/es\/aviso-legal\/#breadcrumb\",\"itemListElement\":[{\"@type\":\"ListItem\",\"position\":1,\"name\":\"Home\",\"item\":\"https:\/\/www.securenergy.de\/es\/\"},{\"@type\":\"ListItem\",\"position\":2,\"name\":\"Aviso legal\"}]},{\"@type\":\"WebSite\",\"@id\":\"https:\/\/www.securenergy.de\/es\/#website\",\"url\":\"https:\/\/www.securenergy.de\/es\/\",\"name\":\"securenergy\",\"description\":\"secure energy\",\"potentialAction\":[{\"@type\":\"SearchAction\",\"target\":{\"@type\":\"EntryPoint\",\"urlTemplate\":\"https:\/\/www.securenergy.de\/es\/?s={search_term_string}\"},\"query-input\":{\"@type\":\"PropertyValueSpecification\",\"valueRequired\":true,\"valueName\":\"search_term_string\"}}],\"inLanguage\":\"es\"}]}<\/script>\n<!-- \/ Yoast SEO plugin. -->","yoast_head_json":{"title":"Aviso Legal \u2013 Informaci\u00f3n de la Empresa | securenergy","description":"Aviso legal de securenergy solutions AG. Informaci\u00f3n obligatoria seg\u00fan la legislaci\u00f3n alemana, registro mercantil y datos de contacto.","robots":{"index":"index","follow":"follow","max-snippet":"max-snippet:-1","max-image-preview":"max-image-preview:large","max-video-preview":"max-video-preview:-1"},"canonical":"https:\/\/www.securenergy.de\/es\/aviso-legal\/","og_locale":"es_ES","og_type":"article","og_title":"Aviso Legal \u2013 Informaci\u00f3n de la Empresa | securenergy","og_description":"Aviso legal de securenergy solutions AG. Informaci\u00f3n obligatoria seg\u00fan la legislaci\u00f3n alemana, registro mercantil y datos de contacto.","og_url":"https:\/\/www.securenergy.de\/es\/aviso-legal\/","og_site_name":"securenergy","article_modified_time":"2026-03-09T19:46:53+00:00","twitter_card":"summary_large_image","twitter_misc":{"Tiempo de lectura":"3 minutos"},"schema":{"@context":"https:\/\/schema.org","@graph":[{"@type":"WebPage","@id":"https:\/\/www.securenergy.de\/es\/aviso-legal\/","url":"https:\/\/www.securenergy.de\/es\/aviso-legal\/","name":"Aviso Legal \u2013 Informaci\u00f3n de la Empresa | securenergy","isPartOf":{"@id":"https:\/\/www.securenergy.de\/es\/#website"},"datePublished":"2026-03-08T14:01:46+00:00","dateModified":"2026-03-09T19:46:53+00:00","description":"Aviso legal de securenergy solutions AG. Informaci\u00f3n obligatoria seg\u00fan la legislaci\u00f3n alemana, registro mercantil y datos de contacto.","breadcrumb":{"@id":"https:\/\/www.securenergy.de\/es\/aviso-legal\/#breadcrumb"},"inLanguage":"es","potentialAction":[{"@type":"ReadAction","target":["https:\/\/www.securenergy.de\/es\/aviso-legal\/"]}]},{"@type":"BreadcrumbList","@id":"https:\/\/www.securenergy.de\/es\/aviso-legal\/#breadcrumb","itemListElement":[{"@type":"ListItem","position":1,"name":"Home","item":"https:\/\/www.securenergy.de\/es\/"},{"@type":"ListItem","position":2,"name":"Aviso legal"}]},{"@type":"WebSite","@id":"https:\/\/www.securenergy.de\/es\/#website","url":"https:\/\/www.securenergy.de\/es\/","name":"securenergy","description":"secure energy","potentialAction":[{"@type":"SearchAction","target":{"@type":"EntryPoint","urlTemplate":"https:\/\/www.securenergy.de\/es\/?s={search_term_string}"},"query-input":{"@type":"PropertyValueSpecification","valueRequired":true,"valueName":"search_term_string"}}],"inLanguage":"es"}]}},"_links":{"self":[{"href":"https:\/\/www.securenergy.de\/es\/wp-json\/wp\/v2\/pages\/3041","targetHints":{"allow":["GET"]}}],"collection":[{"href":"https:\/\/www.securenergy.de\/es\/wp-json\/wp\/v2\/pages"}],"about":[{"href":"https:\/\/www.securenergy.de\/es\/wp-json\/wp\/v2\/types\/page"}],"author":[{"embeddable":true,"href":"https:\/\/www.securenergy.de\/es\/wp-json\/wp\/v2\/users\/2"}],"replies":[{"embeddable":true,"href":"https:\/\/www.securenergy.de\/es\/wp-json\/wp\/v2\/comments?post=3041"}],"version-history":[{"count":4,"href":"https:\/\/www.securenergy.de\/es\/wp-json\/wp\/v2\/pages\/3041\/revisions"}],"predecessor-version":[{"id":3047,"href":"https:\/\/www.securenergy.de\/es\/wp-json\/wp\/v2\/pages\/3041\/revisions\/3047"}],"wp:attachment":[{"href":"https:\/\/www.securenergy.de\/es\/wp-json\/wp\/v2\/media?parent=3041"}],"curies":[{"name":"wp","href":"https:\/\/api.w.org\/{rel}","templated":true}]}}